{"id":5589,"date":"2025-07-11T02:59:13","date_gmt":"2025-07-11T02:59:13","guid":{"rendered":"https:\/\/avantihotel.vn\/?page_id=5589"},"modified":"2025-09-30T20:06:59","modified_gmt":"2025-09-30T13:06:59","slug":"contact-us","status":"publish","type":"page","link":"https:\/\/avantihotel.vn\/vi\/contact-us\/","title":{"rendered":"Li\u00ean h\u1ec7"},"content":{"rendered":"<div data-elementor-type=\"wp-page\" data-elementor-id=\"5589\" class=\"elementor elementor-5589\" data-elementor-post-type=\"page\">\n\t\t\t\t\t\t<section class=\"elementor-section elementor-top-section elementor-element elementor-element-3875e83f elementor-section-boxed elementor-section-gap-beside-yes elementor-section-height-default elementor-section-height-default elementor-section-column-vertical-align-stretch\" data-id=\"3875e83f\" data-element_type=\"section\">\n\t\t\t\t\t\t<div class=\"elementor-container elementor-column-gap-extended\">\n\t\t\t\t\t<div class=\"elementor-column elementor-col-100 elementor-top-column elementor-element elementor-element-29a71123\" data-id=\"29a71123\" data-element_type=\"column\">\n\t\t\t<div class=\"elementor-widget-wrap elementor-element-populated\">\n\t\t\t\t\t\t<div class=\"elementor-element elementor-element-50193793 elementor-widget__width-initial elementor-invisible elementor-widget elementor-widget-text-editor\" data-id=\"50193793\" data-element_type=\"widget\" data-settings=\"{&quot;_animation&quot;:&quot;nussFadeInUp&quot;}\" data-widget_type=\"text-editor.default\">\n\t\t\t\t\t\t\t\t\t<p>B\u1ea1n c\u1ea7n tr\u1ee3 gi\u00fap v\u1ec1 vi\u1ec7c \u0111\u1eb7t ch\u1ed7 tr\u1ef1c tuy\u1ebfn, c\u00f3 c\u00e2u h\u1ecfi ho\u1eb7c c\u1ea7n th\u00eam th\u00f4ng tin? Ch\u1ec9 c\u1ea7n g\u1eedi cho ch\u00fang t\u00f4i m\u1ed9t d\u00f2ng!<\/p>\t\t\t\t\t\t\t\t<\/div>\n\t\t\t\t\t<\/div>\n\t\t<\/div>\n\t\t\t\t\t<\/div>\n\t\t<\/section>\n\t\t\t\t<section class=\"elementor-section elementor-top-section elementor-element elementor-element-72b487d elementor-section-boxed elementor-section-height-default elementor-section-height-default elementor-section-column-vertical-align-stretch\" data-id=\"72b487d\" data-element_type=\"section\">\n\t\t\t\t\t\t<div class=\"elementor-container elementor-column-gap-no\">\n\t\t\t\t\t<div class=\"elementor-column elementor-col-100 elementor-top-column elementor-element elementor-element-5c342661\" data-id=\"5c342661\" data-element_type=\"column\">\n\t\t\t<div class=\"elementor-widget-wrap elementor-element-populated\">\n\t\t\t\t\t\t<div class=\"elementor-element elementor-element-79c1a5c5 elementor-widget__width-inherit elementor-invisible elementor-widget elementor-widget-heading\" data-id=\"79c1a5c5\" data-element_type=\"widget\" data-settings=\"{&quot;_animation&quot;:&quot;nussFadeInUp&quot;}\" data-widget_type=\"heading.default\">\n\t\t\t\t\t<h3 class=\"elementor-heading-title elementor-size-default\">\u0110\u1eb7t ch\u1ed7 vui l\u00f2ng g\u1ecdi \u0111i\u1ec7n ho\u1eb7c g\u1eedi email<\/h3>\t\t\t\t<\/div>\n\t\t\t\t<div class=\"elementor-element elementor-element-64ca5f85 elementor-invisible elementor-widget elementor-widget-text-editor\" data-id=\"64ca5f85\" data-element_type=\"widget\" data-settings=\"{&quot;_animation&quot;:&quot;nussFadeInUp&quot;}\" data-widget_type=\"text-editor.default\">\n\t\t\t\t\t\t\t\t\t<p><strong>Ms. Phuong:<\/strong> <a href=\"tel:+84932676347\">(+84) 932 676 347<\/a><\/p>\t\t\t\t\t\t\t\t<\/div>\n\t\t\t\t<div class=\"elementor-element elementor-element-2f6bd030 elementor-invisible elementor-widget elementor-widget-text-editor\" data-id=\"2f6bd030\" data-element_type=\"widget\" data-settings=\"{&quot;_animation&quot;:&quot;nussFadeInUp&quot;}\" data-widget_type=\"text-editor.default\">\n\t\t\t\t\t\t\t\t\t<div class=\"list-header\"><div class=\"text-wrap\"><div class=\"text\"><strong>Tel:<\/strong> <a href=\"tel:+842838228066\">(+84) 2838 228 066<\/a><\/div><\/div><\/div>\t\t\t\t\t\t\t\t<\/div>\n\t\t\t\t<div class=\"elementor-element elementor-element-22ec83a4 elementor-invisible elementor-widget elementor-widget-text-editor\" data-id=\"22ec83a4\" data-element_type=\"widget\" data-settings=\"{&quot;_animation&quot;:&quot;nussFadeInUp&quot;}\" data-widget_type=\"text-editor.default\">\n\t\t\t\t\t\t\t\t\t<p><strong>Email:<\/strong> <a href=\"mailto:info@avantihotel.vn?cc=it@avantihotel.vn&amp;body=Customer%20-%20Information%3A%0D%0A-%20Name%3A%20%0D%0A-%20Country%3A%20%0D%0A-%20Phone%3A%20%0D%0A-%20Email%3A%20%0D%0A-%20Orther%20Contact%20Method%3A%20%0D%0A%0D%0ACustomer%20Message%3A%20\">info@avantihotel.vn<\/a><\/p>\t\t\t\t\t\t\t\t<\/div>\n\t\t\t\t\t<\/div>\n\t\t<\/div>\n\t\t\t\t\t<\/div>\n\t\t<\/section>\n\t\t\t\t<section class=\"elementor-section elementor-top-section elementor-element elementor-element-6ba9f75e elementor-section-boxed elementor-section-gap-beside-yes elementor-section-height-default elementor-section-height-default elementor-section-column-vertical-align-stretch\" data-id=\"6ba9f75e\" data-element_type=\"section\">\n\t\t\t\t\t\t<div class=\"elementor-container elementor-column-gap-extended\">\n\t\t\t\t\t<div class=\"elementor-column elementor-col-50 elementor-top-column elementor-element elementor-element-1bed8385\" data-id=\"1bed8385\" data-element_type=\"column\">\n\t\t\t<div class=\"elementor-widget-wrap elementor-element-populated\">\n\t\t\t\t\t\t<div class=\"elementor-element elementor-element-3a6431f3 elementor-invisible nuss-elementor-loading nuss-slide-in-right elementor-widget elementor-widget-image\" data-id=\"3a6431f3\" data-element_type=\"widget\" data-settings=\"{&quot;_animation&quot;:&quot;nussSlideInRight&quot;}\" data-widget_type=\"image.default\">\n\t\t\t\t\t\t\t\t\t\t\t\t\t\t\t\t<a href=\"https:\/\/avantihotel.vn\/wp-content\/uploads\/2025\/07\/LETAN.jpg\" data-elementor-open-lightbox=\"yes\" data-elementor-lightbox-title=\"LETAN\" data-e-action-hash=\"#elementor-action%3Aaction%3Dlightbox%26settings%3DeyJpZCI6NTY4NywidXJsIjoiaHR0cHM6XC9cL2F2YW50aWhvdGVsLnZuXC93cC1jb250ZW50XC91cGxvYWRzXC8yMDI1XC8wN1wvTEVUQU4ud2VicCJ9\">\n\t\t\t\t\t\t\t<img fetchpriority=\"high\" decoding=\"async\" width=\"1200\" height=\"800\" src=\"https:\/\/avantihotel.vn\/wp-content\/uploads\/2025\/07\/LETAN.webp\" class=\"attachment-full size-full wp-image-5687\" alt=\"\" srcset=\"https:\/\/avantihotel.vn\/wp-content\/uploads\/2025\/07\/LETAN.webp 1200w, https:\/\/avantihotel.vn\/wp-content\/uploads\/2025\/07\/LETAN-300x200.webp 300w, https:\/\/avantihotel.vn\/wp-content\/uploads\/2025\/07\/LETAN-1024x683.webp 1024w, https:\/\/avantihotel.vn\/wp-content\/uploads\/2025\/07\/LETAN-768x512.webp 768w, https:\/\/avantihotel.vn\/wp-content\/uploads\/2025\/07\/LETAN-18x12.webp 18w, https:\/\/avantihotel.vn\/wp-content\/uploads\/2025\/07\/LETAN-600x400.webp 600w\" sizes=\"(max-width: 1200px) 100vw, 1200px\" \/>\t\t\t\t\t\t\t\t<\/a>\n\t\t\t\t\t\t\t\t\t\t\t\t\t\t\t<\/div>\n\t\t\t\t\t<\/div>\n\t\t<\/div>\n\t\t\t\t<div class=\"elementor-column elementor-col-50 elementor-top-column elementor-element elementor-element-59235644\" data-id=\"59235644\" data-element_type=\"column\">\n\t\t\t<div class=\"elementor-widget-wrap elementor-element-populated\">\n\t\t\t\t\t\t<div class=\"elementor-element elementor-element-10f5c00a elementor-invisible elementor-widget elementor-widget-heading\" data-id=\"10f5c00a\" data-element_type=\"widget\" data-settings=\"{&quot;_animation&quot;:&quot;nussFadeInUp&quot;}\" data-widget_type=\"heading.default\">\n\t\t\t\t\t<h3 class=\"elementor-heading-title elementor-size-default\">Li\u00ean H\u1ec7<\/h3>\t\t\t\t<\/div>\n\t\t\t\t<div class=\"elementor-element elementor-element-2da79fe8 elementor-invisible elementor-widget elementor-widget-text-editor\" data-id=\"2da79fe8\" data-element_type=\"widget\" data-settings=\"{&quot;_animation&quot;:&quot;nussFadeInUp&quot;}\" data-widget_type=\"text-editor.default\">\n\t\t\t\t\t\t\t\t\t<p>Vui l\u00f2ng \u0111i\u1ec1n v\u00e0o bi\u1ec3u m\u1eabu b\u00ean d\u01b0\u1edbi v\u00e0 m\u1ed9t th\u00e0nh vi\u00ean trong nh\u00f3m s\u1ebd s\u1edbm li\u00ean h\u1ec7 v\u1edbi b\u1ea1n.<\/p>\t\t\t\t\t\t\t\t<\/div>\n\t\t\t\t<div class=\"elementor-element elementor-element-51415881 nuss-contact-form-style-01 nuss-button-align-stretch elementor-widget elementor-widget-nuss-contact-form-7\" data-id=\"51415881\" data-element_type=\"widget\" data-widget_type=\"nuss-contact-form-7.default\">\n\t\t\t\t<div class=\"elementor-widget-container\">\n\t\t\t\t\t\t\t<div class=\"nuss-contact-form-7\">\r\n\t\t\t\n<div class=\"wpcf7 no-js\" id=\"wpcf7-f5682-o1\" lang=\"en-US\" dir=\"ltr\" data-wpcf7-id=\"5682\">\n<div class=\"screen-reader-response\"><p role=\"status\" aria-live=\"polite\" aria-atomic=\"true\"><\/p> <ul><\/ul><\/div>\n<form action=\"\/vi\/wp-json\/wp\/v2\/pages\/5589#wpcf7-f5682-o1\" method=\"post\" class=\"wpcf7-form init\" aria-label=\"Contact form\" novalidate=\"novalidate\" data-status=\"init\" data-trp-original-action=\"\/vi\/wp-json\/wp\/v2\/pages\/5589#wpcf7-f5682-o1\">\n<fieldset class=\"hidden-fields-container\"><input type=\"hidden\" name=\"_wpcf7\" value=\"5682\" \/><input type=\"hidden\" name=\"_wpcf7_version\" value=\"6.1\" \/><input type=\"hidden\" name=\"_wpcf7_locale\" value=\"en_US\" \/><input type=\"hidden\" name=\"_wpcf7_unit_tag\" value=\"wpcf7-f5682-o1\" \/><input type=\"hidden\" name=\"_wpcf7_container_post\" value=\"0\" \/><input type=\"hidden\" name=\"_wpcf7_posted_data_hash\" value=\"\" \/><input type=\"hidden\" name=\"_wpcf7_recaptcha_response\" value=\"\" \/>\n<\/fieldset>\n<p><label> T\u00ean \u0111\u1ea7y \u0111\u1ee7<em>*<\/em><br \/>\n<span class=\"wpcf7-form-control-wrap\" data-name=\"your-name\"><input size=\"40\" maxlength=\"400\" class=\"wpcf7-form-control wpcf7-text wpcf7-validates-as-required Customer_Name\" id=\"Customer_Name\" autocomplete=\"name\" aria-required=\"true\" aria-invalid=\"false\" placeholder=\"Vui l\u00f2ng \u0111i\u1ec1n t\u00ean \u0111\u1ea7y \u0111\u1ee7\" value=\"\" type=\"text\" name=\"your-name\" \/><\/span><br \/>\n<\/label>\n<\/p>\n<p><label> Qu\u1ed1c gia<em>*<\/em><br \/>\n<span class=\"wpcf7-form-control-wrap\" data-name=\"your-country\"><input size=\"40\" class=\"wpcf7-form-control wpcf7-countrytext wpcf7-text wpcf7-validates-as-countrytext Customer_country\" aria-invalid=\"false\" placeholder=\"Vui l\u00f2ng ch\u1ecdn qu\u1ed1c gia c\u1ee7a b\u1ea1n\" value=\"\" type=\"text\" name=\"your-country\" \/><\/span><br \/>\n<\/label>\n<\/p>\n<p><label> S\u1ed1 \u0111i\u1ec7n tho\u1ea1i<em>*<\/em><br \/>\n<span class=\"wpcf7-form-control-wrap\" data-name=\"your-phone\"><input size=\"40\" maxlength=\"18\" minlength=\"5\" class=\"wpcf7-form-control wpcf7-phonetext wpcf7-validates-as-required wpcf7-text wpcf7-validates-as-phonetext Customer_phone_number\" autocomplete=\"tel\" data-numberonly=\"true\" aria-required=\"true\" aria-invalid=\"false\" placeholder=\"vui l\u00f2ng \u0111i\u1ec1n s\u1ed1 \u0111i\u1ec7n tho\u1ea1i\" value=\"\" type=\"text\" name=\"your-phone\" \/><input type=\"hidden\" name=\"your-phone-country-code\" class=\"wpcf7-phonetext-country-code\" \/><\/span><\/label>\n<\/p>\n<p><label> Email<em>*<\/em><br \/>\n<span class=\"wpcf7-form-control-wrap\" data-name=\"your-email\"><input size=\"40\" maxlength=\"400\" class=\"wpcf7-form-control wpcf7-email wpcf7-validates-as-required wpcf7-text wpcf7-validates-as-email Customer_Email\" id=\"Customer_Email\" aria-required=\"true\" aria-invalid=\"false\" placeholder=\"Vui l\u00f2ng \u0111i\u1ec1n email\" value=\"\" type=\"email\" name=\"your-email\" \/><\/span><br \/>\n<\/label>\n<\/p>\n<p><label> Ch\u1ee7 \u0111\u1ec1<em>*<\/em><br \/>\n<span class=\"wpcf7-form-control-wrap\" data-name=\"your-subject\"><input size=\"40\" maxlength=\"400\" class=\"wpcf7-form-control wpcf7-text wpcf7-validates-as-required\" aria-required=\"true\" aria-invalid=\"false\" placeholder=\"ghi ch\u1ee7 \u0111\u1ec1\" value=\"\" type=\"text\" name=\"your-subject\" \/><\/span><br \/>\n<\/label>\n<\/p>\n<p><label> N\u1ed9i dung<em>*<\/em><br \/>\n<span class=\"wpcf7-form-control-wrap\" data-name=\"your-message\"><textarea cols=\"40\" rows=\"10\" maxlength=\"2000\" class=\"wpcf7-form-control wpcf7-textarea wpcf7-validates-as-required\" aria-required=\"true\" aria-invalid=\"false\" placeholder=\"c\u00e2u h\u1ecfi, th\u1eafc m\u1eafc, \u0111\u1eb7t ph\u00f2ng,....\" name=\"your-message\"><\/textarea><\/span><br \/>\n<\/label>\n<\/p>\n<p><input class=\"wpcf7-form-control wpcf7-submit has-spinner\" type=\"submit\" value=\"G\u1eedi\" \/>\n<\/p><div class=\"wpcf7-response-output\" aria-hidden=\"true\"><\/div>\n<input type=\"hidden\" name=\"trp-form-language\" value=\"vi\"\/><\/form>\n<\/div>\n\t\t<\/div>\r\n\t\t\t\t\t\t<\/div>\n\t\t\t\t<\/div>\n\t\t\t\t\t<\/div>\n\t\t<\/div>\n\t\t\t\t\t<\/div>\n\t\t<\/section>\n\t\t\t\t<section class=\"elementor-section elementor-top-section elementor-element elementor-element-5cf0ae0c elementor-section-boxed elementor-section-gap-beside-yes elementor-section-height-default elementor-section-height-default elementor-section-column-vertical-align-stretch\" data-id=\"5cf0ae0c\" data-element_type=\"section\">\n\t\t\t\t\t\t<div class=\"elementor-container elementor-column-gap-extended\">\n\t\t\t\t\t<div class=\"elementor-column elementor-col-50 elementor-top-column elementor-element elementor-element-177d6290\" data-id=\"177d6290\" data-element_type=\"column\">\n\t\t\t<div class=\"elementor-widget-wrap elementor-element-populated\">\n\t\t\t\t\t\t<div class=\"elementor-element elementor-element-9cab663 elementor-invisible nuss-elementor-loading nuss-slide-in-right elementor-widget elementor-widget-google_maps\" data-id=\"9cab663\" data-element_type=\"widget\" data-settings=\"{&quot;_animation&quot;:&quot;nussSlideInRight&quot;}\" data-widget_type=\"google_maps.default\">\n\t\t\t\t\t\t\t<div class=\"elementor-custom-embed\">\n\t\t\t<iframe loading=\"lazy\"\n\t\t\t\t\tsrc=\"https:\/\/maps.google.com\/maps?q=Avanti%20Hotel%20Saigon%2C%20186%20-188%20Le%20Thanh%20Ton%20Street%2C%20Ben%20Thanh%20Ward%2C%20District%201%2C%20Ho%20Chi%20Minh%20City%2070000%2C%20Vietnam&#038;t=m&#038;z=10&#038;output=embed&#038;iwloc=near\"\n\t\t\t\t\ttitle=\"Avanti Hotel Saigon, 186 -188 Le Thanh Ton Street, Ben Thanh Ward, District 1, Ho Chi Minh City 70000, Vietnam\"\n\t\t\t\t\taria-label=\"Avanti Hotel Saigon, 186 -188 Le Thanh Ton Street, Ben Thanh Ward, District 1, Ho Chi Minh City 70000, Vietnam\"\n\t\t\t><\/iframe>\n\t\t<\/div>\n\t\t\t\t\t\t<\/div>\n\t\t\t\t\t<\/div>\n\t\t<\/div>\n\t\t\t\t<div class=\"elementor-column elementor-col-50 elementor-top-column elementor-element elementor-element-722a0f60\" data-id=\"722a0f60\" data-element_type=\"column\">\n\t\t\t<div class=\"elementor-widget-wrap elementor-element-populated\">\n\t\t\t\t\t\t<div class=\"elementor-element elementor-element-5316605c elementor-invisible elementor-widget elementor-widget-heading\" data-id=\"5316605c\" data-element_type=\"widget\" data-settings=\"{&quot;_animation&quot;:&quot;nussFadeInUp&quot;}\" data-widget_type=\"heading.default\">\n\t\t\t\t\t<h3 class=\"elementor-heading-title elementor-size-default\">\u0110\u1ecba Ch\u1ec9<\/h3>\t\t\t\t<\/div>\n\t\t\t\t<div class=\"elementor-element elementor-element-747244c1 elementor-invisible elementor-widget elementor-widget-text-editor\" data-id=\"747244c1\" data-element_type=\"widget\" data-settings=\"{&quot;_animation&quot;:&quot;nussFadeInUp&quot;}\" data-widget_type=\"text-editor.default\">\n\t\t\t\t\t\t\t\t\t<p><strong>186\u2013188 L\u00ea Th\u00e1nh T\u00f4n, Ph\u01b0\u1eddng B\u1ebfn Th\u00e0nh, Qu\u1eadn 1, Th\u00e0nh ph\u1ed1 H\u1ed3 Ch\u00ed Minh, Vi\u1ec7t Nam<\/strong><\/p>\t\t\t\t\t\t\t\t<\/div>\n\t\t\t\t<div class=\"elementor-element elementor-element-7f88fccf elementor-invisible elementor-widget elementor-widget-button\" data-id=\"7f88fccf\" data-element_type=\"widget\" data-settings=\"{&quot;_animation&quot;:&quot;nussFadeInUp&quot;}\" data-widget_type=\"button.default\">\n\t\t\t\t\t\t\t\t\t\t<a class=\"elementor-button elementor-button-link elementor-size-sm\" href=\"https:\/\/www.google.com\/maps\/place\/334+N+Scottsdale+Rd,+Tempe,+AZ+85281,+Hoa+K%E1%BB%B3\/@33.4322434,-111.9285187,17z\/data=!3m1!4b1!4m5!3m4!1s0x872b091f0fb3e1df:0xcf0bdd9f9364ab10!8m2!3d33.4322389!4d-111.92633\" target=\"_blank\">\n\t\t\t\t\t\t<span class=\"elementor-button-content-wrapper\">\n\t\t\t\t\t\t\t\t\t<span class=\"elementor-button-text\">Click v\u00e0o xem b\u1ea3n \u0111\u1ed3<\/span>\n\t\t\t\t\t<\/span>\n\t\t\t\t\t<\/a>\n\t\t\t\t\t\t\t\t<\/div>\n\t\t\t\t\t<\/div>\n\t\t<\/div>\n\t\t\t\t\t<\/div>\n\t\t<\/section>\n\t\t\t\t<section class=\"elementor-section elementor-top-section elementor-element elementor-element-322a8469 elementor-section-stretched elementor-section-boxed elementor-section-gap-beside-yes elementor-section-height-default elementor-section-height-default elementor-section-column-vertical-align-stretch\" data-id=\"322a8469\" data-element_type=\"section\" data-settings=\"{&quot;stretch_section&quot;:&quot;section-stretched&quot;,&quot;background_background&quot;:&quot;classic&quot;}\">\n\t\t\t\t\t\t<div class=\"elementor-container elementor-column-gap-extended\">\n\t\t\t\t\t<div class=\"elementor-column elementor-col-50 elementor-top-column elementor-element elementor-element-47db802a\" data-id=\"47db802a\" data-element_type=\"column\">\n\t\t\t<div class=\"elementor-widget-wrap elementor-element-populated\">\n\t\t\t\t\t\t<div class=\"elementor-element elementor-element-6b6c0f32 elementor-invisible elementor-widget elementor-widget-heading\" data-id=\"6b6c0f32\" data-element_type=\"widget\" data-settings=\"{&quot;_animation&quot;:&quot;nussFadeInUp&quot;}\" data-widget_type=\"heading.default\">\n\t\t\t\t\t<h3 class=\"elementor-heading-title elementor-size-default\">C\u00e2u H\u1ecfi Th\u01b0\u1eddng G\u1eb7p<\/h3>\t\t\t\t<\/div>\n\t\t\t\t<div class=\"elementor-element elementor-element-5d301da9 elementor-widget__width-initial elementor-invisible elementor-widget elementor-widget-text-editor\" data-id=\"5d301da9\" data-element_type=\"widget\" data-settings=\"{&quot;_animation&quot;:&quot;nussFadeInUp&quot;}\" data-widget_type=\"text-editor.default\">\n\t\t\t\t\t\t\t\t\t<p>C\u00e1c c\u00e2u h\u1ecfi ph\u1ed5 bi\u1ebfn m\u00e0 ch\u00fang t\u00f4i nh\u1eadn \u0111\u01b0\u1ee3c t\u1eeb kh\u00e1ch h\u00e0ng \u0111\u1ec1u c\u00f3 trong ph\u1ea7n C\u00e2u h\u1ecfi th\u01b0\u1eddng g\u1eb7p. H\u00e3y xem ngay \u0111\u1ec3 c\u00f3 c\u00e2u tr\u1ea3 l\u1eddi cho c\u00e2u h\u1ecfi c\u1ee7a b\u1ea1n nh\u00e9.<\/p>\t\t\t\t\t\t\t\t<\/div>\n\t\t\t\t\t<\/div>\n\t\t<\/div>\n\t\t\t\t<div class=\"elementor-column elementor-col-50 elementor-top-column elementor-element elementor-element-2c0ff97\" data-id=\"2c0ff97\" data-element_type=\"column\">\n\t\t\t<div class=\"elementor-widget-wrap elementor-element-populated\">\n\t\t\t\t\t\t<div class=\"elementor-element elementor-element-7cce73a2 elementor-align-right elementor-mobile-align-left elementor-invisible elementor-widget elementor-widget-button\" data-id=\"7cce73a2\" data-element_type=\"widget\" data-settings=\"{&quot;_animation&quot;:&quot;nussFadeInUp&quot;}\" data-widget_type=\"button.default\">\n\t\t\t\t\t\t\t\t\t\t<a class=\"elementor-button elementor-button-link elementor-size-sm\" href=\"#\">\n\t\t\t\t\t\t<span class=\"elementor-button-content-wrapper\">\n\t\t\t\t\t\t\t\t\t<span class=\"elementor-button-text\">Go to faq's (Deverloping)<\/span>\n\t\t\t\t\t<\/span>\n\t\t\t\t\t<\/a>\n\t\t\t\t\t\t\t\t<\/div>\n\t\t\t\t\t<\/div>\n\t\t<\/div>\n\t\t\t\t\t<\/div>\n\t\t<\/section>\n\t\t\t\t<\/div>","protected":false},"excerpt":{"rendered":"<p>Need help with your online booking, have a question or need more information? Just drop us a line! Reservations please call or email Ms. Phuong: (+84) 932 676 347 Tel: (+84) 2838 228 066 Email: info@avantihotel.vn Get in touch Please complete the form below and a member of team will be in contact with you [&hellip;]<\/p>","protected":false},"author":1,"featured_media":0,"parent":0,"menu_order":0,"comment_status":"closed","ping_status":"closed","template":"","meta":{"footnotes":""},"class_list":["post-5589","page","type-page","status-publish","hentry","post-no-thumbnail"],"_links":{"self":[{"href":"https:\/\/avantihotel.vn\/vi\/wp-json\/wp\/v2\/pages\/5589","targetHints":{"allow":["GET"]}}],"collection":[{"href":"https:\/\/avantihotel.vn\/vi\/wp-json\/wp\/v2\/pages"}],"about":[{"href":"https:\/\/avantihotel.vn\/vi\/wp-json\/wp\/v2\/types\/page"}],"author":[{"embeddable":true,"href":"https:\/\/avantihotel.vn\/vi\/wp-json\/wp\/v2\/users\/1"}],"replies":[{"embeddable":true,"href":"https:\/\/avantihotel.vn\/vi\/wp-json\/wp\/v2\/comments?post=5589"}],"version-history":[{"count":14,"href":"https:\/\/avantihotel.vn\/vi\/wp-json\/wp\/v2\/pages\/5589\/revisions"}],"predecessor-version":[{"id":6210,"href":"https:\/\/avantihotel.vn\/vi\/wp-json\/wp\/v2\/pages\/5589\/revisions\/6210"}],"wp:attachment":[{"href":"https:\/\/avantihotel.vn\/vi\/wp-json\/wp\/v2\/media?parent=5589"}],"curies":[{"name":"wp","href":"https:\/\/api.w.org\/{rel}","templated":true}]}}