{"id":5830,"date":"2025-07-11T17:52:28","date_gmt":"2025-07-11T10:52:28","guid":{"rendered":"https:\/\/avantihotel.vn\/?page_id=5830"},"modified":"2025-07-11T17:55:48","modified_gmt":"2025-07-11T10:55:48","slug":"about-us","status":"publish","type":"page","link":"https:\/\/avantihotel.vn\/vi\/about-us\/","title":{"rendered":"Gi\u1edbi thi\u1ec7u"},"content":{"rendered":"<div data-elementor-type=\"wp-page\" data-elementor-id=\"5830\" class=\"elementor elementor-5830\" data-elementor-post-type=\"page\">\n\t\t\t\t\t\t<section class=\"elementor-section elementor-top-section elementor-element elementor-element-27d1e548 elementor-section-boxed elementor-section-gap-beside-yes elementor-section-height-default elementor-section-height-default elementor-section-column-vertical-align-stretch\" data-id=\"27d1e548\" data-element_type=\"section\">\n\t\t\t\t\t\t<div class=\"elementor-container elementor-column-gap-extended\">\n\t\t\t\t\t<div class=\"elementor-column elementor-col-100 elementor-top-column elementor-element elementor-element-3552aeef\" data-id=\"3552aeef\" data-element_type=\"column\">\n\t\t\t<div class=\"elementor-widget-wrap elementor-element-populated\">\n\t\t\t\t\t\t<div class=\"elementor-element elementor-element-3c3fc7e7 elementor-widget__width-initial elementor-invisible elementor-widget elementor-widget-text-editor\" data-id=\"3c3fc7e7\" data-element_type=\"widget\" data-settings=\"{&quot;_animation&quot;:&quot;nussFadeInUp&quot;}\" data-widget_type=\"text-editor.default\">\n\t\t\t\t\t\t\t\t\t<p>H\u00e0nh tr\u00ecnh &amp; C\u00e2u truy\u1ec7n c\u1ee7a ch\u00fang t\u00f4i<\/p>\t\t\t\t\t\t\t\t<\/div>\n\t\t\t\t<section class=\"elementor-section elementor-inner-section elementor-element elementor-element-1e880760 elementor-section-boxed elementor-section-gap-beside-yes elementor-section-height-default elementor-section-height-default elementor-section-content-align-center elementor-section-column-vertical-align-stretch\" data-id=\"1e880760\" data-element_type=\"section\">\n\t\t\t\t\t\t<div class=\"elementor-container elementor-column-gap-extended\">\n\t\t\t\t\t<div class=\"elementor-column elementor-col-50 elementor-inner-column elementor-element elementor-element-5bc5a5ec\" data-id=\"5bc5a5ec\" data-element_type=\"column\">\n\t\t\t<div class=\"elementor-widget-wrap elementor-element-populated\">\n\t\t\t\t\t\t<div class=\"elementor-element elementor-element-2c166ce6 elementor-invisible elementor-widget elementor-widget-counter\" data-id=\"2c166ce6\" data-element_type=\"widget\" data-settings=\"{&quot;_animation&quot;:&quot;nussFadeInUp&quot;}\" data-widget_type=\"counter.default\">\n\t\t\t\t\t\t\t<div class=\"elementor-counter\">\n\t\t\t<div class=\"elementor-counter-title\">Ph\u00f2ng<\/div>\t\t\t<div class=\"elementor-counter-number-wrapper\">\n\t\t\t\t<span class=\"elementor-counter-number-prefix\"><\/span>\n\t\t\t\t<span class=\"elementor-counter-number\" data-duration=\"2000\" data-to-value=\"93\" data-from-value=\"0\" data-delimiter=\",\">0<\/span>\n\t\t\t\t<span class=\"elementor-counter-number-suffix\"><\/span>\n\t\t\t<\/div>\n\t\t<\/div>\n\t\t\t\t\t\t<\/div>\n\t\t\t\t\t<\/div>\n\t\t<\/div>\n\t\t\t\t<div class=\"elementor-column elementor-col-50 elementor-inner-column elementor-element elementor-element-7c0621a0\" data-id=\"7c0621a0\" data-element_type=\"column\">\n\t\t\t<div class=\"elementor-widget-wrap elementor-element-populated\">\n\t\t\t\t\t\t<div class=\"elementor-element elementor-element-57bf6ab elementor-invisible elementor-widget elementor-widget-counter\" data-id=\"57bf6ab\" data-element_type=\"widget\" data-settings=\"{&quot;_animation&quot;:&quot;nussFadeInUp&quot;}\" data-widget_type=\"counter.default\">\n\t\t\t\t\t\t\t<div class=\"elementor-counter\">\n\t\t\t<div class=\"elementor-counter-title\">\u0110\u1ecba \u0111i\u1ec3m<\/div>\t\t\t<div class=\"elementor-counter-number-wrapper\">\n\t\t\t\t<span class=\"elementor-counter-number-prefix\"><\/span>\n\t\t\t\t<span class=\"elementor-counter-number\" data-duration=\"2000\" data-to-value=\"2\" data-from-value=\"0\" data-delimiter=\",\">0<\/span>\n\t\t\t\t<span class=\"elementor-counter-number-suffix\"><\/span>\n\t\t\t<\/div>\n\t\t<\/div>\n\t\t\t\t\t\t<\/div>\n\t\t\t\t\t<\/div>\n\t\t<\/div>\n\t\t\t\t\t<\/div>\n\t\t<\/section>\n\t\t\t\t\t<\/div>\n\t\t<\/div>\n\t\t\t\t\t<\/div>\n\t\t<\/section>\n\t\t\t\t<section class=\"elementor-section elementor-top-section elementor-element elementor-element-2bcc0f57 elementor-section-boxed elementor-section-gap-beside-yes elementor-section-height-default elementor-section-height-default elementor-section-column-vertical-align-stretch\" data-id=\"2bcc0f57\" data-element_type=\"section\">\n\t\t\t\t\t\t<div class=\"elementor-container elementor-column-gap-extended\">\n\t\t\t\t\t<div class=\"elementor-column elementor-col-50 elementor-top-column elementor-element elementor-element-e98b0f0\" data-id=\"e98b0f0\" data-element_type=\"column\">\n\t\t\t<div class=\"elementor-widget-wrap elementor-element-populated\">\n\t\t\t\t\t\t<div class=\"elementor-element elementor-element-657eeb6d elementor-invisible elementor-widget elementor-widget-nuss-heading\" data-id=\"657eeb6d\" data-element_type=\"widget\" data-settings=\"{&quot;_animation&quot;:&quot;nussFadeInUp&quot;}\" data-widget_type=\"nuss-heading.default\">\n\t\t\t\t<div class=\"elementor-widget-container\">\n\t\t\t\t\t\t\t<div class=\"nuss-modern-heading\">\r\n\t\t\t\r\n\t\t\t\t\t\t<div class=\"heading-primary-wrap\">\r\n\t\t\t\t<h4 class=\"heading-primary elementor-heading-title\">K\u1ec3 t\u1eeb th\u00e1ng 2 n\u0103m 2016<\/h4>\t\t\t<\/div>\r\n\t\t\r\n\t\t\t\t\t\t<div class=\"heading-divider-wrap\">\r\n\t\t\t\t<div class=\"heading-divider\" style=\"left: 0px;top: 6px\"><\/div>\r\n\t\t\t<\/div>\r\n\t\r\n\t\t\t\t\t<\/div>\r\n\t\t\t\t\t<\/div>\n\t\t\t\t<\/div>\n\t\t\t\t<div class=\"elementor-element elementor-element-2fe61fd9 elementor-invisible elementor-widget elementor-widget-text-editor\" data-id=\"2fe61fd9\" data-element_type=\"widget\" data-settings=\"{&quot;_animation&quot;:&quot;nussFadeInUp&quot;}\" data-widget_type=\"text-editor.default\">\n\t\t\t\t\t\t\t\t\t<p>T\u1ecda l\u1ea1c ngay trung t\u00e2m S\u00e0i G\u00f2n nh\u1ed9n nh\u1ecbp, c\u00e1ch ch\u1ee3 B\u1ebfn Th\u00e0nh n\u1ed5i ti\u1ebfng v\u00e0i b\u01b0\u1edbc ch\u00e2n, Kh\u00e1ch s\u1ea1n AVANTI kh\u00f4ng ch\u1ec9 l\u00e0 kh\u00e1ch s\u1ea1n thu\u1eadn ti\u1ec7n nh\u1ea5t trong khu th\u01b0\u01a1ng m\u1ea1i v\u00e0 trung t\u00e2m h\u00e0nh ch\u00ednh s\u1ea7m u\u1ea5t nh\u1ea5t c\u1ee7a th\u00e0nh ph\u1ed1 m\u00e0 c\u00f2n g\u1ea7n t\u1ea5t c\u1ea3 c\u00e1c \u0110i\u1ec3m du l\u1ecbch, Nh\u00e0 h\u00e0ng v\u00e0 C\u1eeda h\u00e0ng c\u1ee7a th\u00e0nh ph\u1ed1.<\/p>\t\t\t\t\t\t\t\t<\/div>\n\t\t\t\t\t<\/div>\n\t\t<\/div>\n\t\t\t\t<div class=\"elementor-column elementor-col-50 elementor-top-column elementor-element elementor-element-151d2189\" data-id=\"151d2189\" data-element_type=\"column\">\n\t\t\t<div class=\"elementor-widget-wrap elementor-element-populated\">\n\t\t\t\t\t\t<div class=\"elementor-element elementor-element-73e6be19 elementor-invisible nuss-elementor-loading nuss-slide-in-left elementor-widget elementor-widget-image\" data-id=\"73e6be19\" data-element_type=\"widget\" data-settings=\"{&quot;_animation&quot;:&quot;nussSlideInLeft&quot;}\" data-widget_type=\"image.default\">\n\t\t\t\t\t\t\t\t\t\t\t\t\t\t\t<img fetchpriority=\"high\" decoding=\"async\" width=\"768\" height=\"512\" src=\"https:\/\/avantihotel.vn\/wp-content\/uploads\/2025\/07\/Avanti-Terrace-View-2-768x512-1.jpg\" class=\"attachment-full size-full wp-image-5790\" alt=\"\" srcset=\"https:\/\/avantihotel.vn\/wp-content\/uploads\/2025\/07\/Avanti-Terrace-View-2-768x512-1.jpg 768w, https:\/\/avantihotel.vn\/wp-content\/uploads\/2025\/07\/Avanti-Terrace-View-2-768x512-1-300x200.jpg 300w, https:\/\/avantihotel.vn\/wp-content\/uploads\/2025\/07\/Avanti-Terrace-View-2-768x512-1-18x12.jpg 18w, https:\/\/avantihotel.vn\/wp-content\/uploads\/2025\/07\/Avanti-Terrace-View-2-768x512-1-600x400.jpg 600w\" sizes=\"(max-width: 768px) 100vw, 768px\" \/>\t\t\t\t\t\t\t\t\t\t\t\t\t\t\t<\/div>\n\t\t\t\t\t<\/div>\n\t\t<\/div>\n\t\t\t\t\t<\/div>\n\t\t<\/section>\n\t\t\t\t<section class=\"elementor-section elementor-top-section elementor-element elementor-element-1a5c0eea elementor-section-height-min-height elementor-section-stretched elementor-section-full_width elementor-section-items-stretch elementor-section-height-default elementor-section-column-vertical-align-stretch\" data-id=\"1a5c0eea\" data-element_type=\"section\" data-settings=\"{&quot;stretch_section&quot;:&quot;section-stretched&quot;}\">\n\t\t\t\t\t\t<div class=\"elementor-container elementor-column-gap-no\">\n\t\t\t\t\t<div class=\"elementor-column elementor-col-50 elementor-top-column elementor-element elementor-element-5340df60\" data-id=\"5340df60\" data-element_type=\"column\">\n\t\t\t<div class=\"elementor-widget-wrap elementor-element-populated\">\n\t\t\t\t\t\t<div class=\"elementor-element elementor-element-478d89c0 elementor-widget__width-initial elementor-widget-mobile__width-inherit elementor-invisible nuss-elementor-loading nuss-slide-in-right elementor-widget elementor-widget-image\" data-id=\"478d89c0\" data-element_type=\"widget\" data-settings=\"{&quot;_animation&quot;:&quot;nussSlideInRight&quot;}\" data-widget_type=\"image.default\">\n\t\t\t\t\t\t\t\t\t\t\t\t\t\t\t<img decoding=\"async\" width=\"1506\" height=\"1838\" src=\"https:\/\/avantihotel.vn\/wp-content\/uploads\/2025\/07\/83194492_2472011169736674_423030694990577664_n.jpg\" class=\"attachment-full size-full wp-image-5788\" alt=\"\" srcset=\"https:\/\/avantihotel.vn\/wp-content\/uploads\/2025\/07\/83194492_2472011169736674_423030694990577664_n.jpg 1506w, https:\/\/avantihotel.vn\/wp-content\/uploads\/2025\/07\/83194492_2472011169736674_423030694990577664_n-246x300.jpg 246w, https:\/\/avantihotel.vn\/wp-content\/uploads\/2025\/07\/83194492_2472011169736674_423030694990577664_n-839x1024.jpg 839w, https:\/\/avantihotel.vn\/wp-content\/uploads\/2025\/07\/83194492_2472011169736674_423030694990577664_n-768x937.jpg 768w, https:\/\/avantihotel.vn\/wp-content\/uploads\/2025\/07\/83194492_2472011169736674_423030694990577664_n-1259x1536.jpg 1259w, https:\/\/avantihotel.vn\/wp-content\/uploads\/2025\/07\/83194492_2472011169736674_423030694990577664_n-10x12.jpg 10w, https:\/\/avantihotel.vn\/wp-content\/uploads\/2025\/07\/83194492_2472011169736674_423030694990577664_n-600x732.jpg 600w\" sizes=\"(max-width: 1506px) 100vw, 1506px\" \/>\t\t\t\t\t\t\t\t\t\t\t\t\t\t\t<\/div>\n\t\t\t\t\t<\/div>\n\t\t<\/div>\n\t\t\t\t<div class=\"elementor-column elementor-col-50 elementor-top-column elementor-element elementor-element-459618db\" data-id=\"459618db\" data-element_type=\"column\">\n\t\t\t<div class=\"elementor-widget-wrap elementor-element-populated\">\n\t\t\t\t\t\t<div class=\"elementor-element elementor-element-2302bf16 elementor-invisible elementor-widget elementor-widget-text-editor\" data-id=\"2302bf16\" data-element_type=\"widget\" data-settings=\"{&quot;_animation&quot;:&quot;nussFadeInUp&quot;}\" data-widget_type=\"text-editor.default\">\n\t\t\t\t\t\t\t\t\t<p>Kh\u00e1ch s\u1ea1n AVANTI l\u00e0 s\u1ef1 l\u1ef1a ch\u1ecdn l\u00fd t\u01b0\u1edfng cho c\u1ea3 kh\u00e1ch du l\u1ecbch v\u00e0 doanh nh\u00e2n. S\u1edf h\u1eefu c\u01a1 s\u1edf v\u1eadt ch\u1ea5t hi\u1ec7n \u0111\u1ea1i v\u00e0 thi\u1ebft k\u1ebf t\u1ed1i gi\u1ea3n, AVANTI th\u1ec3 hi\u1ec7n tinh th\u1ea7n Boutique \u2013 Hospitality v\u00e0 mang \u0111\u1ebfn nh\u1eefng tr\u1ea3i nghi\u1ec7m \u0111\u00e1ng nh\u1edb cho kh\u00e1ch h\u00e0ng.<\/p>\t\t\t\t\t\t\t\t<\/div>\n\t\t\t\t\t<\/div>\n\t\t<\/div>\n\t\t\t\t\t<\/div>\n\t\t<\/section>\n\t\t\t\t<section class=\"elementor-section elementor-top-section elementor-element elementor-element-3abbeeb7 elementor-section-boxed elementor-section-gap-beside-yes elementor-section-height-default elementor-section-height-default elementor-section-column-vertical-align-stretch\" data-id=\"3abbeeb7\" data-element_type=\"section\">\n\t\t\t\t\t\t<div class=\"elementor-container elementor-column-gap-extended\">\n\t\t\t\t\t<div class=\"elementor-column elementor-col-50 elementor-top-column elementor-element elementor-element-22d40cb7\" data-id=\"22d40cb7\" data-element_type=\"column\">\n\t\t\t<div class=\"elementor-widget-wrap elementor-element-populated\">\n\t\t\t\t\t\t<div class=\"elementor-element elementor-element-73d604bc elementor-widget__width-initial elementor-invisible elementor-widget elementor-widget-text-editor\" data-id=\"73d604bc\" data-element_type=\"widget\" data-settings=\"{&quot;_animation&quot;:&quot;nussFadeInUp&quot;}\" data-widget_type=\"text-editor.default\">\n\t\t\t\t\t\t\t\t\t<p>\u00a0 \u00a0V\u1edbi t\u1ea7m nh\u00ecn th\u1eb3ng ra Ch\u1ee3 B\u1ebfn Th\u00e0nh v\u00e0 ch\u1ec9 c\u00e1ch m\u1ed9t s\u1ed1 con ph\u1ed1 v\u00e0 t\u00f2a nh\u00e0 l\u1ecbch s\u1eed c\u1ee7a S\u00e0i G\u00f2n nh\u01b0 \u0110\u1ea1i l\u1ed9 \u0110\u1ed3ng Kh\u1edfi, ph\u1ed1 \u0111i b\u1ed9 Nguy\u1ec5n Hu\u1ec7, Nh\u00e0 H\u00e1t L\u1edbn S\u00e0i G\u00f2n,\u2026.AVANTI l\u00e0 bi\u1ec3u t\u01b0\u1ee3ng c\u1ee7a m\u1ed9t kh\u00e1ch s\u1ea1n th\u00f4ng minh trong th\u00e0nh ph\u1ed1 v\u1edbi 93 ph\u00f2ng \u0111\u01b0\u1ee3c thi\u1ebft k\u1ebf hi\u1ec7n \u0111\u1ea1i, hi\u1ec7n \u0111\u1ea1i v\u00e0 \u0111\u1ed9i ng\u0169 nh\u00e2n vi\u00ean chu \u0111\u00e1o mang \u0111\u1ebfn d\u1ecbch v\u1ee5 Boutique \u2013 Hospitality \u1ea5m \u00e1p cho m\u1ecdi du kh\u00e1ch.<\/p>\t\t\t\t\t\t\t\t<\/div>\n\t\t\t\t\t<\/div>\n\t\t<\/div>\n\t\t\t\t<div class=\"elementor-column elementor-col-50 elementor-top-column elementor-element elementor-element-3b562f4b\" data-id=\"3b562f4b\" data-element_type=\"column\">\n\t\t\t<div class=\"elementor-widget-wrap elementor-element-populated\">\n\t\t\t\t\t\t<div class=\"elementor-element elementor-element-13a308c5 elementor-invisible nuss-elementor-loading nuss-slide-in-left elementor-widget elementor-widget-image\" data-id=\"13a308c5\" data-element_type=\"widget\" data-settings=\"{&quot;_animation&quot;:&quot;nussSlideInLeft&quot;}\" data-widget_type=\"image.default\">\n\t\t\t\t\t\t\t\t\t\t\t\t\t\t\t<img decoding=\"async\" width=\"1398\" height=\"844\" src=\"https:\/\/avantihotel.vn\/wp-content\/uploads\/2025\/07\/canh-dep-hcm.jpg\" class=\"attachment-full size-full wp-image-5791\" alt=\"\" srcset=\"https:\/\/avantihotel.vn\/wp-content\/uploads\/2025\/07\/canh-dep-hcm.jpg 1398w, https:\/\/avantihotel.vn\/wp-content\/uploads\/2025\/07\/canh-dep-hcm-300x181.jpg 300w, https:\/\/avantihotel.vn\/wp-content\/uploads\/2025\/07\/canh-dep-hcm-1024x618.jpg 1024w, https:\/\/avantihotel.vn\/wp-content\/uploads\/2025\/07\/canh-dep-hcm-768x464.jpg 768w, https:\/\/avantihotel.vn\/wp-content\/uploads\/2025\/07\/canh-dep-hcm-18x12.jpg 18w, https:\/\/avantihotel.vn\/wp-content\/uploads\/2025\/07\/canh-dep-hcm-600x362.jpg 600w\" sizes=\"(max-width: 1398px) 100vw, 1398px\" \/>\t\t\t\t\t\t\t\t\t\t\t\t\t\t\t<\/div>\n\t\t\t\t\t<\/div>\n\t\t<\/div>\n\t\t\t\t\t<\/div>\n\t\t<\/section>\n\t\t\t\t<section class=\"elementor-section elementor-top-section elementor-element elementor-element-78e9a6a3 elementor-section-height-min-height elementor-section-stretched elementor-section-full_width elementor-section-items-stretch elementor-section-height-default elementor-section-column-vertical-align-stretch\" data-id=\"78e9a6a3\" data-element_type=\"section\" data-settings=\"{&quot;stretch_section&quot;:&quot;section-stretched&quot;}\">\n\t\t\t\t\t\t<div class=\"elementor-container elementor-column-gap-no\">\n\t\t\t\t\t<div class=\"elementor-column elementor-col-50 elementor-top-column elementor-element elementor-element-23dcdd90\" data-id=\"23dcdd90\" data-element_type=\"column\">\n\t\t\t<div class=\"elementor-widget-wrap elementor-element-populated\">\n\t\t\t\t\t\t<div class=\"elementor-element elementor-element-7809df2 elementor-widget__width-initial elementor-widget-mobile__width-inherit elementor-invisible nuss-elementor-loading nuss-slide-in-right elementor-widget elementor-widget-image\" data-id=\"7809df2\" data-element_type=\"widget\" data-settings=\"{&quot;_animation&quot;:&quot;nussSlideInRight&quot;}\" data-widget_type=\"image.default\">\n\t\t\t\t\t\t\t\t\t\t\t\t\t\t\t<img loading=\"lazy\" decoding=\"async\" width=\"1024\" height=\"576\" src=\"https:\/\/avantihotel.vn\/wp-content\/uploads\/2025\/07\/home-page-Rest-3.webp\" class=\"attachment-full size-full wp-image-5702\" alt=\"\" srcset=\"https:\/\/avantihotel.vn\/wp-content\/uploads\/2025\/07\/home-page-Rest-3.webp 1024w, https:\/\/avantihotel.vn\/wp-content\/uploads\/2025\/07\/home-page-Rest-3-300x169.webp 300w, https:\/\/avantihotel.vn\/wp-content\/uploads\/2025\/07\/home-page-Rest-3-768x432.webp 768w, https:\/\/avantihotel.vn\/wp-content\/uploads\/2025\/07\/home-page-Rest-3-18x10.webp 18w, https:\/\/avantihotel.vn\/wp-content\/uploads\/2025\/07\/home-page-Rest-3-600x338.webp 600w\" sizes=\"(max-width: 1024px) 100vw, 1024px\" \/>\t\t\t\t\t\t\t\t\t\t\t\t\t\t\t<\/div>\n\t\t\t\t\t<\/div>\n\t\t<\/div>\n\t\t\t\t<div class=\"elementor-column elementor-col-50 elementor-top-column elementor-element elementor-element-740d810d\" data-id=\"740d810d\" data-element_type=\"column\">\n\t\t\t<div class=\"elementor-widget-wrap elementor-element-populated\">\n\t\t\t\t\t\t<div class=\"elementor-element elementor-element-56e5b760 elementor-invisible elementor-widget elementor-widget-text-editor\" data-id=\"56e5b760\" data-element_type=\"widget\" data-settings=\"{&quot;_animation&quot;:&quot;nussFadeInUp&quot;}\" data-widget_type=\"text-editor.default\">\n\t\t\t\t\t\t\t\t\t<p>\u00a0 \u00a0Blue Ginger c\u00f3 th\u1ef1c \u0111\u01a1n caf\u00e9 c\u1ea3 ng\u00e0y v\u1edbi c\u00e1c m\u00f3n \u0103n Vi\u1ec7t Nam v\u00e0 ph\u01b0\u01a1ng T\u00e2y. B\u1eefa s\u00e1ng ki\u1ec3u \u00c1 v\u00e0 ph\u01b0\u01a1ng T\u00e2y mi\u1ec5n ph\u00ed \u0111\u00e3 bao g\u1ed3m trong gi\u00e1 ph\u00f2ng. Ph\u00f2ng h\u1ecdp ri\u00eang c\u00f3 s\u1ee9c ch\u1ee9a l\u00ean \u0111\u1ebfn 30 ng\u01b0\u1eddi \u0111\u01b0\u1ee3c cung c\u1ea5p v\u1edbi Wi-Fi mi\u1ec5n ph\u00ed tuy\u1ec7t v\u1eddi trong to\u00e0n b\u1ed9 kh\u00e1ch s\u1ea1n.<\/p>\t\t\t\t\t\t\t\t<\/div>\n\t\t\t\t\t<\/div>\n\t\t<\/div>\n\t\t\t\t\t<\/div>\n\t\t<\/section>\n\t\t\t\t<section class=\"elementor-section elementor-top-section elementor-element elementor-element-356d0015 elementor-section-boxed elementor-section-gap-beside-yes elementor-section-height-default elementor-section-height-default elementor-section-column-vertical-align-stretch\" data-id=\"356d0015\" data-element_type=\"section\">\n\t\t\t\t\t\t<div class=\"elementor-container elementor-column-gap-extended\">\n\t\t\t\t\t<div class=\"elementor-column elementor-col-50 elementor-top-column elementor-element elementor-element-5522314c\" data-id=\"5522314c\" data-element_type=\"column\">\n\t\t\t<div class=\"elementor-widget-wrap elementor-element-populated\">\n\t\t\t\t\t\t<div class=\"elementor-element elementor-element-49b4b621 elementor-invisible elementor-widget elementor-widget-text-editor\" data-id=\"49b4b621\" data-element_type=\"widget\" data-settings=\"{&quot;_animation&quot;:&quot;nussFadeInUp&quot;}\" data-widget_type=\"text-editor.default\">\n\t\t\t\t\t\t\t\t\t<p>\u00a0 \u00a0Qu\u00e1n c\u00e0 ph\u00ea V\u2019 v\u1edbi T\u1ea7m nh\u00ecn to\u00e0n c\u1ea3nh ch\u1ee3 B\u1ebfn Th\u00e0nh, \u0111\u1eb7c bi\u1ec7t l\u00e0 Ch\u1ee3 \u0111\u00eam, l\u00e0 n\u01a1i ho\u00e0n h\u1ea3o \u0111\u1ec3 b\u1ea1n th\u01b0 gi\u00e3n v\u00e0 th\u01b0\u1edfng th\u1ee9c c\u00e0 ph\u00ea cappuccino c\u1ee7a m\u00ecnh. M\u1ed9t n\u01a1i ho\u00e0n h\u1ea3o \u0111\u1ec3 g\u1eb7p g\u1ee1 b\u1ea1n b\u00e8, hay ch\u1ec9 \u0111\u01a1n gi\u1ea3n l\u00e0 ng\u1ed3i xu\u1ed1ng v\u00e0 c\u1ea3m nh\u1eadn nh\u1ecbp s\u1ed1ng s\u00f4i \u0111\u1ed9ng c\u1ee7a S\u00e0i G\u00f2n.<\/p>\t\t\t\t\t\t\t\t<\/div>\n\t\t\t\t\t<\/div>\n\t\t<\/div>\n\t\t\t\t<div class=\"elementor-column elementor-col-50 elementor-top-column elementor-element elementor-element-70cbe6f1\" data-id=\"70cbe6f1\" data-element_type=\"column\">\n\t\t\t<div class=\"elementor-widget-wrap elementor-element-populated\">\n\t\t\t\t\t\t<div class=\"elementor-element elementor-element-7f13f312 elementor-invisible nuss-elementor-loading nuss-slide-in-left elementor-widget elementor-widget-image\" data-id=\"7f13f312\" data-element_type=\"widget\" data-settings=\"{&quot;_animation&quot;:&quot;nussSlideInLeft&quot;}\" data-widget_type=\"image.default\">\n\t\t\t\t\t\t\t\t\t\t\t\t\t\t\t<img loading=\"lazy\" decoding=\"async\" width=\"400\" height=\"400\" src=\"https:\/\/avantihotel.vn\/wp-content\/uploads\/2025\/07\/Vcafe.jpg\" class=\"attachment-full size-full wp-image-5792\" alt=\"\" srcset=\"https:\/\/avantihotel.vn\/wp-content\/uploads\/2025\/07\/Vcafe.jpg 400w, https:\/\/avantihotel.vn\/wp-content\/uploads\/2025\/07\/Vcafe-300x300.jpg 300w, https:\/\/avantihotel.vn\/wp-content\/uploads\/2025\/07\/Vcafe-150x150.jpg 150w, https:\/\/avantihotel.vn\/wp-content\/uploads\/2025\/07\/Vcafe-12x12.jpg 12w, https:\/\/avantihotel.vn\/wp-content\/uploads\/2025\/07\/Vcafe-100x100.jpg 100w\" sizes=\"(max-width: 400px) 100vw, 400px\" \/>\t\t\t\t\t\t\t\t\t\t\t\t\t\t\t<\/div>\n\t\t\t\t\t<\/div>\n\t\t<\/div>\n\t\t\t\t\t<\/div>\n\t\t<\/section>\n\t\t\t\t<section class=\"elementor-section elementor-top-section elementor-element elementor-element-e358feb elementor-section-boxed elementor-section-gap-beside-yes elementor-section-height-default elementor-section-height-default elementor-section-column-vertical-align-stretch\" data-id=\"e358feb\" data-element_type=\"section\">\n\t\t\t\t\t\t<div class=\"elementor-container elementor-column-gap-extended\">\n\t\t\t\t\t<div class=\"elementor-column elementor-col-100 elementor-top-column elementor-element elementor-element-be5eeb3\" data-id=\"be5eeb3\" data-element_type=\"column\">\n\t\t\t<div class=\"elementor-widget-wrap elementor-element-populated\">\n\t\t\t\t\t\t<div class=\"elementor-element elementor-element-a31889c elementor-widget elementor-widget-text-editor\" data-id=\"a31889c\" data-element_type=\"widget\" data-widget_type=\"text-editor.default\">\n\t\t\t\t\t\t\t\t\t<p>KH\u00c1CH S\u1ea0N AVANTI\u2026 m\u1ed9t Kh\u00e1ch s\u1ea1n Boutique t\u1ea7m trung c\u00f3 v\u1ecb tr\u00ed \u0111\u1eafc \u0111\u1ecba, gi\u00e1 tr\u1ecb l\u1edbn v\u00e0 ti\u1ec7n nghi ngay trung t\u00e2m S\u00e0i G\u00f2n!!!<\/p>\t\t\t\t\t\t\t\t<\/div>\n\t\t\t\t\t<\/div>\n\t\t<\/div>\n\t\t\t\t\t<\/div>\n\t\t<\/section>\n\t\t\t\t<\/div>","protected":false},"excerpt":{"rendered":"<p>Our journy &amp; Story Rooms 0 Locations 0 Since Feb 2016 Located in the heart of bustling Saigon, a few steps from the famous Ben Thanh Market, AVANTI Hotel is not only the most convenient hotel in the busiest commercial area and civic center of the city, but also is near all city tourist Attractions, [&hellip;]<\/p>","protected":false},"author":1,"featured_media":0,"parent":0,"menu_order":0,"comment_status":"closed","ping_status":"closed","template":"","meta":{"footnotes":""},"class_list":["post-5830","page","type-page","status-publish","hentry","post-no-thumbnail"],"_links":{"self":[{"href":"https:\/\/avantihotel.vn\/vi\/wp-json\/wp\/v2\/pages\/5830","targetHints":{"allow":["GET"]}}],"collection":[{"href":"https:\/\/avantihotel.vn\/vi\/wp-json\/wp\/v2\/pages"}],"about":[{"href":"https:\/\/avantihotel.vn\/vi\/wp-json\/wp\/v2\/types\/page"}],"author":[{"embeddable":true,"href":"https:\/\/avantihotel.vn\/vi\/wp-json\/wp\/v2\/users\/1"}],"replies":[{"embeddable":true,"href":"https:\/\/avantihotel.vn\/vi\/wp-json\/wp\/v2\/comments?post=5830"}],"version-history":[{"count":5,"href":"https:\/\/avantihotel.vn\/vi\/wp-json\/wp\/v2\/pages\/5830\/revisions"}],"predecessor-version":[{"id":5838,"href":"https:\/\/avantihotel.vn\/vi\/wp-json\/wp\/v2\/pages\/5830\/revisions\/5838"}],"wp:attachment":[{"href":"https:\/\/avantihotel.vn\/vi\/wp-json\/wp\/v2\/media?parent=5830"}],"curies":[{"name":"wp","href":"https:\/\/api.w.org\/{rel}","templated":true}]}}